{"id":288,"date":"2023-06-18T20:47:44","date_gmt":"2023-06-18T20:47:44","guid":{"rendered":"https:\/\/rcegreaterphoenix.org\/contact\/"},"modified":"2025-08-04T23:32:57","modified_gmt":"2025-08-04T23:32:57","slug":"get-involved","status":"publish","type":"page","link":"https:\/\/rcegreaterphoenix.org\/es\/get-involved\/","title":{"rendered":"Involucrarse"},"content":{"rendered":"<div data-elementor-type=\"wp-page\" data-elementor-id=\"288\" class=\"elementor elementor-288\" data-elementor-post-type=\"page\">\n\t\t\t\t<div class=\"elementor-element elementor-element-7e979d9c e-flex e-con-boxed e-con e-parent\" data-id=\"7e979d9c\" data-element_type=\"container\" data-e-type=\"container\" data-settings=\"{&quot;background_background&quot;:&quot;classic&quot;}\">\n\t\t\t\t\t<div class=\"e-con-inner\">\n\t\t<div class=\"elementor-element elementor-element-50434f5c e-con-full e-flex e-con e-child\" data-id=\"50434f5c\" data-element_type=\"container\" data-e-type=\"container\" data-settings=\"{&quot;background_background&quot;:&quot;classic&quot;}\">\n\t\t\t\t<div class=\"elementor-element elementor-element-a69c90b elementor-position-left elementor-vertical-align-middle elementor-widget elementor-widget-image-box\" data-id=\"a69c90b\" data-element_type=\"widget\" data-e-type=\"widget\" data-widget_type=\"image-box.default\">\n\t\t\t\t<div class=\"elementor-widget-container\">\n\t\t\t\t\t<div class=\"elementor-image-box-wrapper\"><figure class=\"elementor-image-box-img\"><img loading=\"lazy\" decoding=\"async\" width=\"475\" height=\"400\" src=\"https:\/\/rcegreaterphoenix.org\/wp-content\/uploads\/2023\/06\/bulb-2368396_1280.webp\" class=\"attachment-full size-full wp-image-739\" alt=\"bulb eco\" srcset=\"https:\/\/rcegreaterphoenix.org\/wp-content\/uploads\/2023\/06\/bulb-2368396_1280.webp 475w, https:\/\/rcegreaterphoenix.org\/wp-content\/uploads\/2023\/06\/bulb-2368396_1280-300x253.webp 300w\" sizes=\"auto, (max-width: 475px) 100vw, 475px\" \/><\/figure><div class=\"elementor-image-box-content\"><h4 class=\"elementor-image-box-title\">Compartir un evento o recurso<\/h4><p class=\"elementor-image-box-description\">\u00bfTiene un pr\u00f3ximo evento de sostenibilidad o un recurso valioso que le gustar\u00eda promocionar? Comp\u00e1rtalo con nuestra comunidad y amplifique su impacto al llegar a defensores y entusiastas de ideas afines.<\/p><\/div><\/div>\t\t\t\t<\/div>\n\t\t\t\t<\/div>\n\t\t\t\t<div class=\"elementor-element elementor-element-55b2c358 elementor-position-left elementor-vertical-align-top elementor-widget elementor-widget-image-box\" data-id=\"55b2c358\" data-element_type=\"widget\" data-e-type=\"widget\" data-widget_type=\"image-box.default\">\n\t\t\t\t<div class=\"elementor-widget-container\">\n\t\t\t\t\t<div class=\"elementor-image-box-wrapper\"><figure class=\"elementor-image-box-img\"><img loading=\"lazy\" decoding=\"async\" width=\"1280\" height=\"989\" src=\"https:\/\/rcegreaterphoenix.org\/wp-content\/uploads\/2023\/08\/cooperate-2924261_1280.png\" class=\"attachment-full size-full wp-image-1130\" alt=\"cooperate\" srcset=\"https:\/\/rcegreaterphoenix.org\/wp-content\/uploads\/2023\/08\/cooperate-2924261_1280.png 1280w, https:\/\/rcegreaterphoenix.org\/wp-content\/uploads\/2023\/08\/cooperate-2924261_1280-300x232.png 300w, https:\/\/rcegreaterphoenix.org\/wp-content\/uploads\/2023\/08\/cooperate-2924261_1280-1024x791.png 1024w, https:\/\/rcegreaterphoenix.org\/wp-content\/uploads\/2023\/08\/cooperate-2924261_1280-768x593.png 768w\" sizes=\"auto, (max-width: 1280px) 100vw, 1280px\" \/><\/figure><div class=\"elementor-image-box-content\"><h4 class=\"elementor-image-box-title\">Convi\u00e9rtete en un afiliado<\/h4><p class=\"elementor-image-box-description\">\u00danase a nuestro programa de afiliados y comparta su pasi\u00f3n por la sostenibilidad con otros campeones ecol\u00f3gicos. Los afiliados asisten a reuniones y reciben comunicaciones a trav\u00e9s de nuestro grupo de noticias de afiliados. <a href=\"https:\/\/rcegreaterphoenix.org\/es\/comingsoon\/\"><b>Aplicar aqu\u00ed<\/a><\/b> para convertirse en un afiliado. <\/p><\/div><\/div>\t\t\t\t<\/div>\n\t\t\t\t<\/div>\n\t\t\t\t<div class=\"elementor-element elementor-element-64ee3722 elementor-position-left elementor-vertical-align-middle elementor-widget elementor-widget-image-box\" data-id=\"64ee3722\" data-element_type=\"widget\" data-e-type=\"widget\" data-widget_type=\"image-box.default\">\n\t\t\t\t<div class=\"elementor-widget-container\">\n\t\t\t\t\t<div class=\"elementor-image-box-wrapper\"><figure class=\"elementor-image-box-img\"><img loading=\"lazy\" decoding=\"async\" width=\"425\" height=\"391\" src=\"https:\/\/rcegreaterphoenix.org\/wp-content\/uploads\/2023\/08\/Apply.jpg\" class=\"attachment-full size-full wp-image-1131\" alt=\"Apply Here graphic\" srcset=\"https:\/\/rcegreaterphoenix.org\/wp-content\/uploads\/2023\/08\/Apply.jpg 425w, https:\/\/rcegreaterphoenix.org\/wp-content\/uploads\/2023\/08\/Apply-300x276.jpg 300w\" sizes=\"auto, (max-width: 425px) 100vw, 425px\" \/><\/figure><div class=\"elementor-image-box-content\"><h4 class=\"elementor-image-box-title\">Aplicar a nuestros programas de becas<\/h4><p class=\"elementor-image-box-description\">Actualmente estamos aceptando solicitudes para cuatro programas de becas. <a href=\"https:\/\/rcegreaterphoenix.org\/es\/comingsoon\/\"><b>haga clic aqu\u00ed<\/a><\/b> para los formularios de solicitud y los plazos.<\/p><\/div><\/div>\t\t\t\t<\/div>\n\t\t\t\t<\/div>\n\t\t\t\t<\/div>\n\t\t<div class=\"elementor-element elementor-element-55e22bef e-con-full e-flex e-con e-child\" data-id=\"55e22bef\" data-element_type=\"container\" data-e-type=\"container\" data-settings=\"{&quot;background_background&quot;:&quot;classic&quot;,&quot;shape_divider_top&quot;:&quot;arrow&quot;,&quot;shape_divider_bottom&quot;:&quot;mountains&quot;}\">\n\t\t\t\t<div class=\"elementor-shape elementor-shape-top\" aria-hidden=\"true\" data-negative=\"false\">\n\t\t\t<svg xmlns=\"http:\/\/www.w3.org\/2000\/svg\" viewbox=\"0 0 700 10\" preserveaspectratio=\"none\">\n\t<path class=\"elementor-shape-fill\" d=\"M350,10L340,0h20L350,10z\"\/>\n<\/svg>\t\t<\/div>\n\t\t\t\t<div class=\"elementor-shape elementor-shape-bottom\" aria-hidden=\"true\" data-negative=\"false\">\n\t\t\t<svg xmlns=\"http:\/\/www.w3.org\/2000\/svg\" viewbox=\"0 0 1000 100\" preserveaspectratio=\"none\">\n\t<path class=\"elementor-shape-fill\" opacity=\"0.33\" d=\"M473,67.3c-203.9,88.3-263.1-34-320.3,0C66,119.1,0,59.7,0,59.7V0h1000v59.7 c0,0-62.1,26.1-94.9,29.3c-32.8,3.3-62.8-12.3-75.8-22.1C806,49.6,745.3,8.7,694.9,4.7S492.4,59,473,67.3z\"\/>\n\t<path class=\"elementor-shape-fill\" opacity=\"0.66\" d=\"M734,67.3c-45.5,0-77.2-23.2-129.1-39.1c-28.6-8.7-150.3-10.1-254,39.1 s-91.7-34.4-149.2,0C115.7,118.3,0,39.8,0,39.8V0h1000v36.5c0,0-28.2-18.5-92.1-18.5C810.2,18.1,775.7,67.3,734,67.3z\"\/>\n\t<path class=\"elementor-shape-fill\" d=\"M766.1,28.9c-200-57.5-266,65.5-395.1,19.5C242,1.8,242,5.4,184.8,20.6C128,35.8,132.3,44.9,89.9,52.5C28.6,63.7,0,0,0,0 h1000c0,0-9.9,40.9-83.6,48.1S829.6,47,766.1,28.9z\"\/>\n<\/svg>\t\t<\/div>\n\t\t<div class=\"elementor-element elementor-element-640e85b e-con-full e-flex e-con e-child\" data-id=\"640e85b\" data-element_type=\"container\" data-e-type=\"container\" data-settings=\"{&quot;background_background&quot;:&quot;classic&quot;}\">\n\t\t\t\t<div class=\"elementor-element elementor-element-2b86cb42 elementor-widget__width-initial elementor-widget elementor-widget-text-editor\" data-id=\"2b86cb42\" data-element_type=\"widget\" data-e-type=\"widget\" data-widget_type=\"text-editor.default\">\n\t\t\t\t<div class=\"elementor-widget-container\">\n\t\t\t\t\t\t\t\t\t<p><strong><span style=\"color: #000000;\">\u00danase a nosotros para ayudar a crear un futuro habitable, sostenible y justo para todos los arizonenses. <\/span><\/strong><\/p>\t\t\t\t\t\t\t\t<\/div>\n\t\t\t\t<\/div>\n\t\t\t\t<div class=\"elementor-element elementor-element-5328a93e elementor-widget elementor-widget-heading\" data-id=\"5328a93e\" data-element_type=\"widget\" data-e-type=\"widget\" data-widget_type=\"heading.default\">\n\t\t\t\t<div class=\"elementor-widget-container\">\n\t\t\t\t\t<h2 class=\"elementor-heading-title elementor-size-default\">Involucrarse<\/h2>\t\t\t\t<\/div>\n\t\t\t\t<\/div>\n\t\t\t\t<\/div>\n\t\t\t\t<\/div>\n\t\t\t\t\t<\/div>\n\t\t\t\t<\/div>\n\t\t<div class=\"elementor-element elementor-element-436532c9 e-flex e-con-boxed e-con e-parent\" data-id=\"436532c9\" data-element_type=\"container\" data-e-type=\"container\" data-settings=\"{&quot;background_background&quot;:&quot;classic&quot;}\">\n\t\t\t\t\t<div class=\"e-con-inner\">\n\t\t<div class=\"elementor-element elementor-element-6e12b59e e-con-full e-flex e-con e-child\" data-id=\"6e12b59e\" data-element_type=\"container\" data-e-type=\"container\" data-settings=\"{&quot;background_background&quot;:&quot;classic&quot;}\">\n\t\t\t\t<div class=\"elementor-element elementor-element-6d954647 elementor-widget elementor-widget-heading\" data-id=\"6d954647\" data-element_type=\"widget\" data-e-type=\"widget\" data-widget_type=\"heading.default\">\n\t\t\t\t<div class=\"elementor-widget-container\">\n\t\t\t\t\t<h1 class=\"elementor-heading-title elementor-size-default\">Cont\u00e1ctenos<\/h1>\t\t\t\t<\/div>\n\t\t\t\t<\/div>\n\t\t\t\t<div class=\"elementor-element elementor-element-44bd947d elementor-widget elementor-widget-heading\" data-id=\"44bd947d\" data-element_type=\"widget\" data-e-type=\"widget\" data-widget_type=\"heading.default\">\n\t\t\t\t<div class=\"elementor-widget-container\">\n\t\t\t\t\t<p class=\"elementor-heading-title elementor-size-default\">Nos encantar\u00eda hablar con usted.<br>No dude en comunicarse utilizando los detalles a continuaci\u00f3n. <br>\n\n<strong>  correo electr\u00f3nico: info@rcegreaterphoenix.org<\/strong><\/p>\t\t\t\t<\/div>\n\t\t\t\t<\/div>\n\t\t\t\t<\/div>\n\t\t\t\t\t<\/div>\n\t\t\t\t<\/div>\n\t\t<div class=\"elementor-element elementor-element-468f8e39 e-flex e-con-boxed e-con e-parent\" data-id=\"468f8e39\" data-element_type=\"container\" data-e-type=\"container\" id=\"FAQ\" data-settings=\"{&quot;background_background&quot;:&quot;classic&quot;}\">\n\t\t\t\t\t<div class=\"e-con-inner\">\n\t\t\t\t<div class=\"elementor-element elementor-element-57139865 elementor-widget elementor-widget-heading\" data-id=\"57139865\" data-element_type=\"widget\" data-e-type=\"widget\" data-widget_type=\"heading.default\">\n\t\t\t\t<div class=\"elementor-widget-container\">\n\t\t\t\t\t<h2 class=\"elementor-heading-title elementor-size-default\">Preguntas m\u00e1s frecuentes<\/h2>\t\t\t\t<\/div>\n\t\t\t\t<\/div>\n\t\t<div class=\"elementor-element elementor-element-1990a854 e-con-full e-flex e-con e-child\" data-id=\"1990a854\" data-element_type=\"container\" data-e-type=\"container\" data-settings=\"{&quot;shape_divider_top&quot;:&quot;curve-asymmetrical&quot;}\">\n\t\t\t\t<div class=\"elementor-shape elementor-shape-top\" aria-hidden=\"true\" data-negative=\"false\">\n\t\t\t<svg xmlns=\"http:\/\/www.w3.org\/2000\/svg\" viewbox=\"0 0 1000 100\" preserveaspectratio=\"none\">\n\t<path class=\"elementor-shape-fill\" d=\"M0,0c0,0,0,6,0,6.7c0,18,240.2,93.6,615.2,92.6C989.8,98.5,1000,25,1000,6.7c0-0.7,0-6.7,0-6.7H0z\"\/>\n<\/svg>\t\t<\/div>\n\t\t\t\t<div class=\"elementor-element elementor-element-377af4da elementor-widget__width-initial elementor-widget-tablet__width-inherit elementor-widget elementor-widget-toggle\" data-id=\"377af4da\" data-element_type=\"widget\" data-e-type=\"widget\" data-widget_type=\"toggle.default\">\n\t\t\t\t<div class=\"elementor-widget-container\">\n\t\t\t\t\t\t\t<div class=\"elementor-toggle\">\n\t\t\t\t\t\t\t<div class=\"elementor-toggle-item\">\n\t\t\t\t\t<h4 id=\"elementor-tab-title-9301\" class=\"elementor-tab-title\" data-tab=\"1\" role=\"button\" aria-controls=\"elementor-tab-content-9301\" aria-expanded=\"false\">\n\t\t\t\t\t\t\t\t\t\t\t\t<span class=\"elementor-toggle-icon elementor-toggle-icon-right\" aria-hidden=\"true\">\n\t\t\t\t\t\t\t\t\t\t\t\t\t\t\t<span class=\"elementor-toggle-icon-closed\"><\/span>\n\t\t\t\t\t\t\t\t<span class=\"elementor-toggle-icon-opened\"><\/span>\n\t\t\t\t\t\t\t\t\t\t\t\t\t<\/span>\n\t\t\t\t\t\t\t\t\t\t\t\t<a class=\"elementor-toggle-title\" tabindex=\"0\">\u00bfQu\u00e9 es un RCE?<\/a>\n\t\t\t\t\t<\/h4>\n\n\t\t\t\t\t<div id=\"elementor-tab-content-9301\" class=\"elementor-tab-content elementor-clearfix\" data-tab=\"1\" role=\"region\" aria-labelledby=\"elementor-tab-title-9301\"><p><span style=\"font-weight: 400;\">Un Centro Regional de Especializaci\u00f3n (RCE) para la Educaci\u00f3n sobre el Desarrollo Sostenible es una iniciativa local o regional que promueve la educaci\u00f3n y el aprendizaje para el desarrollo sostenible en sus respectivas comunidades o regiones. Estos centros re\u00fanen a partes interesadas de todos los sectores de la sociedad, incluidos los sectores K-12, educaci\u00f3n superior, comunidades, empresas y gobierno. Las partes interesadas provienen de varios grupos, incluidos grupos comunitarios, organizaciones no gubernamentales, instituciones educativas, agencias gubernamentales y entidades comerciales para colaborar en el avance de los objetivos de desarrollo sostenible.\u00a0<\/span><\/p><p><span style=\"font-weight: 400;\">Para ser reconocido en su esfuerzo colectivo de organizar y trabajar juntos en acciones de sostenibilidad local, un RCE puede postularse para convertirse en miembro de la Red Global RCE y recibir la designaci\u00f3n oficial de RCE otorgada por la Universidad de las Naciones Unidas (UNU) como parte del programa de la UNESCO. iniciativa emblem\u00e1tica, que extiende la \u201cD\u00e9cada de las Naciones Unidas para la Educaci\u00f3n para el Desarrollo Sostenible\u201d (2005-2014) y ya cuenta con 190 ICE para la Educaci\u00f3n para el Desarrollo Sostenible en todo el mundo. <\/span><\/p><\/div>\n\t\t\t\t<\/div>\n\t\t\t\t\t\t\t<div class=\"elementor-toggle-item\">\n\t\t\t\t\t<h4 id=\"elementor-tab-title-9302\" class=\"elementor-tab-title\" data-tab=\"2\" role=\"button\" aria-controls=\"elementor-tab-content-9302\" aria-expanded=\"false\">\n\t\t\t\t\t\t\t\t\t\t\t\t<span class=\"elementor-toggle-icon elementor-toggle-icon-right\" aria-hidden=\"true\">\n\t\t\t\t\t\t\t\t\t\t\t\t\t\t\t<span class=\"elementor-toggle-icon-closed\"><\/span>\n\t\t\t\t\t\t\t\t<span class=\"elementor-toggle-icon-opened\"><\/span>\n\t\t\t\t\t\t\t\t\t\t\t\t\t<\/span>\n\t\t\t\t\t\t\t\t\t\t\t\t<a class=\"elementor-toggle-title\" tabindex=\"0\">\u00bfCu\u00e1les son los desaf\u00edos para nuestra regi\u00f3n? <\/a>\n\t\t\t\t\t<\/h4>\n\n\t\t\t\t\t<div id=\"elementor-tab-content-9302\" class=\"elementor-tab-content elementor-clearfix\" data-tab=\"2\" role=\"region\" aria-labelledby=\"elementor-tab-title-9302\"><p><span style=\"font-weight: 400;\">El \u00e1rea metropolitana m\u00e1s grande y poblada de Arizona, que se extiende alrededor de la ciudad capital de Phoenix, ha sido calificada como la ciudad m\u00e1s insostenible del mundo por el soci\u00f3logo de la Universidad de Nueva York, Andrew Ross (Pratt, 2019). Los principales desaf\u00edos de sostenibilidad que enfrenta Arizona incluyen los desaf\u00edos ambientales, sociales y econ\u00f3micos entrelazados:\u00a0<\/span><\/p><ul><li style=\"font-weight: 400;\" aria-level=\"1\"><span style=\"font-weight: 400;\">Retos ambientales\u00a0<\/span><ul><li style=\"font-weight: 400;\" aria-level=\"2\"><span style=\"font-weight: 400;\">aumento de los per\u00edodos de calor extremo, que afectan gravemente tanto a los centros urbanos como a las zonas rurales,\u00a0<\/span><\/li><li style=\"font-weight: 400;\" aria-level=\"2\"><span style=\"font-weight: 400;\">disminuci\u00f3n de la calidad del aire y\u00a0<\/span><\/li><li style=\"font-weight: 400;\" aria-level=\"2\"><span style=\"font-weight: 400;\">Agravaci\u00f3n de la escasez de agua,<\/span><\/li><\/ul><\/li><li style=\"font-weight: 400;\" aria-level=\"1\"><span style=\"font-weight: 400;\">Desaf\u00edos sociales<\/span><ul><li style=\"font-weight: 400;\" aria-level=\"2\"><span style=\"font-weight: 400;\">acceso desigual a una educaci\u00f3n de calidad<\/span><\/li><li style=\"font-weight: 400;\" aria-level=\"2\"><span style=\"font-weight: 400;\">Aumento de las desigualdades socioecon\u00f3micas\u00a0<\/span><\/li><li style=\"font-weight: 400;\" aria-level=\"2\"><span style=\"font-weight: 400;\">Sesgo impl\u00edcito e inclusi\u00f3n insuficiente de migrantes y refugiados<\/span><\/li><\/ul><\/li><li style=\"font-weight: 400;\" aria-level=\"1\"><span style=\"font-weight: 400;\">Desaf\u00edos econ\u00f3micos<\/span><ul><li style=\"font-weight: 400;\" aria-level=\"2\"><span style=\"font-weight: 400;\">Frenar la expansi\u00f3n urbana<\/span><\/li><li style=\"font-weight: 400;\" aria-level=\"2\"><span style=\"font-weight: 400;\">Crear acceso al capital para empresas peque\u00f1as y de propiedad de minor\u00edas<\/span><\/li><li style=\"font-weight: 400;\" aria-level=\"2\"><span style=\"font-weight: 400;\">Hacer crecer una econom\u00eda local resiliente\u00a0\u00a0<\/span><\/li><\/ul><\/li><\/ul><p><span style=\"font-weight: 400;\">Sin embargo, varias iniciativas notables apuntan a abordar estos desaf\u00edos entrelazados para apoyar el bienestar de las personas, un medio ambiente saludable y una econom\u00eda inclusiva en el Valle. En RCE Greater PHoenix, nos esforzamos por conectarnos con estas iniciativas y contribuir a sus esfuerzos desde una perspectiva de educaci\u00f3n sobre sostenibilidad. <\/span><\/p><\/div>\n\t\t\t\t<\/div>\n\t\t\t\t\t\t\t<div class=\"elementor-toggle-item\">\n\t\t\t\t\t<h4 id=\"elementor-tab-title-9303\" class=\"elementor-tab-title\" data-tab=\"3\" role=\"button\" aria-controls=\"elementor-tab-content-9303\" aria-expanded=\"false\">\n\t\t\t\t\t\t\t\t\t\t\t\t<span class=\"elementor-toggle-icon elementor-toggle-icon-right\" aria-hidden=\"true\">\n\t\t\t\t\t\t\t\t\t\t\t\t\t\t\t<span class=\"elementor-toggle-icon-closed\"><\/span>\n\t\t\t\t\t\t\t\t<span class=\"elementor-toggle-icon-opened\"><\/span>\n\t\t\t\t\t\t\t\t\t\t\t\t\t<\/span>\n\t\t\t\t\t\t\t\t\t\t\t\t<a class=\"elementor-toggle-title\" tabindex=\"0\">\u00bfCu\u00e1l es el prop\u00f3sito de los Centros Regionales de Expertos en EDS (CRE)?<\/a>\n\t\t\t\t\t<\/h4>\n\n\t\t\t\t\t<div id=\"elementor-tab-content-9303\" class=\"elementor-tab-content elementor-clearfix\" data-tab=\"3\" role=\"region\" aria-labelledby=\"elementor-tab-title-9303\"><p>El objetivo principal de una RCE es promover y promover la Educaci\u00f3n para el Desarrollo Sostenible (EDS) dentro de sus regiones. Sirven como centros locales y regionales para fomentar la colaboraci\u00f3n entre m\u00faltiples partes interesadas (instituciones educativas, agencias gubernamentales, ONG, empresas y comunidades) para abordar los desaf\u00edos de sostenibilidad. Las RCE tienen como objetivo mejorar la conciencia p\u00fablica, participar en actividades de investigaci\u00f3n y desarrollo de capacidades y desarrollar enfoques innovadores para integrar la sostenibilidad en la educaci\u00f3n y el aprendizaje permanente. En \u00faltima instancia, las RCE desempe\u00f1an un papel crucial en el avance de la agenda global de sostenibilidad al empoderar a individuos y comunidades con el conocimiento y las habilidades necesarias para crear un futuro m\u00e1s sostenible.<\/p><\/div>\n\t\t\t\t<\/div>\n\t\t\t\t\t\t\t<div class=\"elementor-toggle-item\">\n\t\t\t\t\t<h4 id=\"elementor-tab-title-9304\" class=\"elementor-tab-title\" data-tab=\"4\" role=\"button\" aria-controls=\"elementor-tab-content-9304\" aria-expanded=\"false\">\n\t\t\t\t\t\t\t\t\t\t\t\t<span class=\"elementor-toggle-icon elementor-toggle-icon-right\" aria-hidden=\"true\">\n\t\t\t\t\t\t\t\t\t\t\t\t\t\t\t<span class=\"elementor-toggle-icon-closed\"><\/span>\n\t\t\t\t\t\t\t\t<span class=\"elementor-toggle-icon-opened\"><\/span>\n\t\t\t\t\t\t\t\t\t\t\t\t\t<\/span>\n\t\t\t\t\t\t\t\t\t\t\t\t<a class=\"elementor-toggle-title\" tabindex=\"0\">\u00bfQu\u00e9 es un afiliado de RCE Greater Phoenix y c\u00f3mo puedo convertirme en uno?<\/a>\n\t\t\t\t\t<\/h4>\n\n\t\t\t\t\t<div id=\"elementor-tab-content-9304\" class=\"elementor-tab-content elementor-clearfix\" data-tab=\"4\" role=\"region\" aria-labelledby=\"elementor-tab-title-9304\"><p>Un afiliado de RCE Greater Phoenix es un socio u organizaci\u00f3n colaborativa que trabaja en estrecha colaboraci\u00f3n con RCE Greater Phoenix a trav\u00e9s de varios canales. Los afiliados desempe\u00f1an un papel vital en el avance de los objetivos de educaci\u00f3n sobre sostenibilidad y el abordaje de los desaf\u00edos ambientales en el \u00e1rea metropolitana de Phoenix.<\/p><p>Los afiliados de RCEGP asisten a reuniones, reciben el bolet\u00edn de RCEGP y otras comunicaciones. Aprenden sobre oportunidades en su campo de inter\u00e9s y sobre los esfuerzos continuos de sostenibilidad y conservaci\u00f3n en la regi\u00f3n.<\/p><p>Solicite ser afiliado aqu\u00ed.<\/p><\/div>\n\t\t\t\t<\/div>\n\t\t\t\t\t\t\t\t<\/div>\n\t\t\t\t\t\t<\/div>\n\t\t\t\t<\/div>\n\t\t\t\t<\/div>\n\t\t\t\t\t<\/div>\n\t\t\t\t<\/div>\n\t\t\t\t<\/div>","protected":false},"excerpt":{"rendered":"<p>Share an event or resource Got an upcoming sustainability event or a valuable resource you&#8217;d like to promote? Share it with our community and amplify its impact by reaching like-minded advocates and enthusiasts. Become an affiliate Join our affiliate program and share your passion for sustainability with fellow eco-champions. Affiliates attend meetings and receive communications [&hellip;]<\/p>\n","protected":false},"author":1,"featured_media":0,"parent":0,"menu_order":0,"comment_status":"closed","ping_status":"closed","template":"","meta":{"_acf_changed":false,"footnotes":""},"class_list":["post-288","page","type-page","status-publish","hentry"],"acf":[],"_links":{"self":[{"href":"https:\/\/rcegreaterphoenix.org\/es\/wp-json\/wp\/v2\/pages\/288","targetHints":{"allow":["GET"]}}],"collection":[{"href":"https:\/\/rcegreaterphoenix.org\/es\/wp-json\/wp\/v2\/pages"}],"about":[{"href":"https:\/\/rcegreaterphoenix.org\/es\/wp-json\/wp\/v2\/types\/page"}],"author":[{"embeddable":true,"href":"https:\/\/rcegreaterphoenix.org\/es\/wp-json\/wp\/v2\/users\/1"}],"replies":[{"embeddable":true,"href":"https:\/\/rcegreaterphoenix.org\/es\/wp-json\/wp\/v2\/comments?post=288"}],"version-history":[{"count":6,"href":"https:\/\/rcegreaterphoenix.org\/es\/wp-json\/wp\/v2\/pages\/288\/revisions"}],"predecessor-version":[{"id":5263,"href":"https:\/\/rcegreaterphoenix.org\/es\/wp-json\/wp\/v2\/pages\/288\/revisions\/5263"}],"wp:attachment":[{"href":"https:\/\/rcegreaterphoenix.org\/es\/wp-json\/wp\/v2\/media?parent=288"}],"curies":[{"name":"gracias","href":"https:\/\/api.w.org\/{rel}","templated":true}]}}